{"id":759,"date":"2023-11-14T15:22:34","date_gmt":"2023-11-14T14:22:34","guid":{"rendered":"https:\/\/www.barbaramesquita.com\/?page_id=759"},"modified":"2024-01-10T16:55:24","modified_gmt":"2024-01-10T15:55:24","slug":"imprimir","status":"publish","type":"page","link":"https:\/\/www.barbaramesquita.com\/pt-pt\/imprimir\/","title":{"rendered":"Imprimir"},"content":{"rendered":"<p>[et_pb_section fb_built=&#8221;1&#8243; admin_label=&#8221;Header&#8221; _builder_version=&#8221;4.22.2&#8243; _module_preset=&#8221;default&#8221; background_enable_color=&#8221;off&#8221; overflow-x=&#8221;hidden&#8221; overflow-y=&#8221;hidden&#8221; custom_margin=&#8221;||||false|false&#8221; custom_padding=&#8221;0px||0px||true|false&#8221; locked=&#8221;off&#8221; collapsed=&#8221;on&#8221; global_colors_info=&#8221;{%22gcid-fc7b31e8-94d8-4560-b647-c33fa43cc805%22:%91%22background_color%22,%22background_color%22,%22background_color%22%93}&#8221;][et_pb_row use_custom_gutter=&#8221;on&#8221; gutter_width=&#8221;2&#8243; make_equal=&#8221;on&#8221; _builder_version=&#8221;4.22.2&#8243; _module_preset=&#8221;default&#8221; background_enable_color=&#8221;off&#8221; width=&#8221;100%&#8221; max_width=&#8221;2560px&#8221; custom_margin=&#8221;0px||||false|false&#8221; custom_padding=&#8221;0px||0px||false|false&#8221; border_width_top=&#8221;3px&#8221; border_color_top=&#8221;#9d4a5e&#8221; global_colors_info=&#8221;{}&#8221;][et_pb_column type=&#8221;4_4&#8243; _builder_version=&#8221;4.22.2&#8243; _module_preset=&#8221;default&#8221; background_color=&#8221;#f6f6f6&#8243; background_enable_image=&#8221;off&#8221; custom_padding=&#8221;|1vw||1vw|false|true&#8221; global_colors_info=&#8221;{}&#8221;][et_pb_text _builder_version=&#8221;4.22.2&#8243; _module_preset=&#8221;default&#8221; header_font=&#8221;|600|||||||&#8221; header_text_color=&#8221;#9d4a5e&#8221; custom_padding=&#8221;15px||15px|50px|true|false&#8221; custom_padding_tablet=&#8221;15px||15px|50px|true|false&#8221; custom_padding_phone=&#8221;|||10px|true|false&#8221; custom_padding_last_edited=&#8221;on|desktop&#8221; header_font_size_tablet=&#8221;&#8221; header_font_size_phone=&#8221;26px&#8221; header_font_size_last_edited=&#8221;on|desktop&#8221; global_colors_info=&#8221;{}&#8221;]<\/p>\n<h1 style=\"text-align: left;\">Imprimir<\/h1>\n<p>[\/et_pb_text][\/et_pb_column][\/et_pb_row][et_pb_row column_structure=&#8221;1_2,1_2&#8243; _builder_version=&#8221;4.22.2&#8243; _module_preset=&#8221;default&#8221; custom_margin=&#8221;||30px||false|false&#8221; custom_padding=&#8221;50px||||false|false&#8221; global_colors_info=&#8221;{}&#8221;][et_pb_column type=&#8221;1_2&#8243; _builder_version=&#8221;4.22.2&#8243; _module_preset=&#8221;default&#8221; global_colors_info=&#8221;{}&#8221;][et_pb_text _builder_version=&#8221;4.22.2&#8243; _module_preset=&#8221;default&#8221; hover_enabled=&#8221;0&#8243; global_colors_info=&#8221;{}&#8221; sticky_enabled=&#8221;0&#8243;]<strong>De acordo com o \u00a7 5 TMG:<\/strong><\/p>\n<p>Respons\u00e1vel pelo conte\u00fado, webmaster e propriet\u00e1rio:<br \/>\nBarbara Le\u00df-Correia Mesquita M.A.<br \/>\nGneisenaustr. 35<br \/>\n20253 Hamburg<br \/>\nAlemanha<\/p>\n<p>Praceta Dr. Jos\u00e9 Louren\u00e7o de Carvalho 1, 1\u00b0-Dto.<br \/>\n2800-112 Almada<br \/>\nPortugal<\/p>\n<p>Telefone fixo: +49 40 47 37 16 | Celular: +49 172 420 84 90<br \/>\nFax: +49 40  42 93 56 87<br \/>\nTelefone fixo Portugal: +351 96 4705 440 und +351 91 266 58 62<br \/>\nE-mail: <a href=\"mailto:info@barbaramesquita.com\">info@barbaramesquita.com<\/a><\/p>\n<p>N\u00famero de identifica\u00e7\u00e3o fiscal sobre vendas de acordo com a Se\u00e7\u00e3o 27a da Lei de Imposto sobre Vendas: DE118802663<\/p>\n<p>N\u00famero de identifica\u00e7\u00e3o fiscal: 45\/144\/00739<br \/>\nReparti\u00e7\u00e3o de impostos Hamburg-Eimsb\u00fcttel<\/p>\n<p><strong>Respons\u00e1vel de acordo com \u00a755 par\u00e1grafo 2 RStV.<\/strong><br \/>\nBarbara Le\u00df-Correia Mesquita M.A.<br \/>\nVeja endere\u00e7o acima<\/p>\n<p style=\"text-align: justify;\">Die Inhalte unserer Seiten wurden mit gr\u00f6\u00dfter Sorgfalt erstellt. F\u00fcr die Richtigkeit, Vollst\u00e4ndigkeit und Aktualit\u00e4t der Inhalte k\u00f6nnen wir jedoch keine Gew\u00e4hr \u00fcbernehmen. Als Diensteanbieter sind wir gem\u00e4\u00df \u00a7 7 Abs.1 TMG f\u00fcr eigene Inhalte auf diesen Seiten nach den allgemeinen Gesetzen verantwortlich. Nach \u00a7\u00a7 8 bis 10 TMG sind wir als Diensteanbieter jedoch nicht verpflichtet, \u00fcbermittelte oder gespeicherte fremde Informationen zu \u00fcberwachen oder nach Umst\u00e4nden zu forschen, die auf eine rechtswidrige T\u00e4tigkeit hinweisen. Verpflichtungen zur Entfernung oder Sperrung der Nutzung von Informationen nach den allgemeinen Gesetzen bleiben hiervon unber\u00fchrt. Eine diesbez\u00fcgliche Haftung ist jedoch erst ab dem Zeitpunkt der Kenntnis einer konkreten Rechtsverletzung m\u00f6glich. Bei Bekanntwerden von entsprechenden Rechtsverletzungen werden wir diese Inhalte umgehend entfernen.<\/p>\n<p>[\/et_pb_text][\/et_pb_column][et_pb_column type=&#8221;1_2&#8243; _builder_version=&#8221;4.22.2&#8243; _module_preset=&#8221;default&#8221; global_colors_info=&#8221;{}&#8221;][et_pb_text _builder_version=&#8221;4.22.2&#8243; _module_preset=&#8221;default&#8221; global_colors_info=&#8221;{}&#8221;]<\/p>\n<p><strong>Widerspruch Werbe-Mails<\/strong><\/p>\n<p style=\"text-align: justify;\">Der Nutzung von Kontaktdaten (die im Rahmen der Impressumspflicht ver\u00f6ffentlicht wurden) zur \u00dcbersendung von nicht ausdr\u00fccklich angeforderter Werbung und Informationen wird hiermit widersprochen. Der Seitenbetreiber beh\u00e4lt sich rechtliche Schritte bei unverlangter Zusendung von Werbeinformationen, insbesondere bei Spam-E-Mails, vor.<\/p>\n<p style=\"text-align: justify;\"><strong>Inhalt des Onlineangebotes<\/strong><br \/>Der Autor \u00fcbernimmt keinerlei Gew\u00e4hr f\u00fcr die Aktualit\u00e4t, Korrektheit, Vollst\u00e4ndigkeit oder Qualit\u00e4t der bereitgestellten Informationen. Haftungsanspr\u00fcche gegen den Autor, welche sich auf Sch\u00e4den materieller oder ideeller Art beziehen, die durch die Nutzung oder Nichtnutzung der dargebotenen Informationen bzw. durch die Nutzung fehlerhafter und unvollst\u00e4ndiger Informationen verursacht wurden, sind grunds\u00e4tzlich ausgeschlossen, sofern seitens des Autors kein nachweislich vors\u00e4tzliches oder grob fahrl\u00e4ssiges Verschulden vorliegt. Alle Angebote sind freibleibend und unverbindlich. Der Autor beh\u00e4lt es sich ausdr\u00fccklich vor, Teile der Seiten oder das gesamte Angebot ohne gesonderte Ank\u00fcndigung zu ver\u00e4ndern, zu erg\u00e4nzen, zu l\u00f6schen oder die Ver\u00f6ffentlichung zeitweise oder endg\u00fcltig einzustellen.<\/p>\n<p style=\"text-align: justify;\"><strong>Urheberrecht<\/strong><br \/>Die durch die Seitenbetreiber erstellten Inhalte und Werke auf diesen Seiten unterliegen dem deutschen Urheberrecht. Die Vervielf\u00e4ltigung, Bearbeitung, Verbreitung und jede Art der Verwertung au\u00dferhalb der Grenzen des Urheberrechtes bed\u00fcrfen der schriftlichen Zustimmung des jeweiligen Autors bzw. Erstellers. Downloads und Kopien dieser Seite sind nur f\u00fcr den privaten, nicht kommerziellen Gebrauch gestattet. Soweit die Inhalte auf dieser Seite nicht vom Betreiber erstellt wurden, werden die Urheberrechte Dritter beachtet. Insbesondere werden Inhalte Dritter als solche gekennzeichnet. Sollten Sie trotzdem auf eine Urheberrechtsverletzung aufmerksam werden, bitten wir um einen entsprechenden Hinweis. Bei Bekanntwerden von Rechtsverletzungen werden wir derartige Inhalte umgehend entfernen.<\/p>\n<p>[\/et_pb_text][\/et_pb_column][\/et_pb_row][\/et_pb_section]<\/p>\n","protected":false},"excerpt":{"rendered":"<p>ImprimirDe acordo com o \u00a7 5 TMG: Respons\u00e1vel pelo conte\u00fado, webmaster e propriet\u00e1rio: Barbara Le\u00df-Correia Mesquita M.A. Gneisenaustr. 35 20253 Hamburg Alemanha Praceta Dr. Jos\u00e9 Louren\u00e7o de Carvalho 1, 1\u00b0-Dto. 2800-112 Almada Portugal Telefone fixo: +49 40 47 37 16 | Celular: +49 172 420 84 90 Fax: +49 40 42 93 56 87 Telefone fixo Portugal: +351 96 4705 440 und +351 91 266 58 62 E-mail: info@barbaramesquita.com N\u00famero de identifica\u00e7\u00e3o fiscal sobre vendas de acordo com a Se\u00e7\u00e3o 27a da Lei de Imposto sobre Vendas: DE118802663 N\u00famero de identifica\u00e7\u00e3o fiscal: 45\/144\/00739 Reparti\u00e7\u00e3o de impostos Hamburg-Eimsb\u00fcttel Respons\u00e1vel de acordo com \u00a755 par\u00e1grafo 2 RStV. Barbara Le\u00df-Correia Mesquita M.A. Veja endere\u00e7o acima Die Inhalte unserer Seiten wurden mit gr\u00f6\u00dfter Sorgfalt erstellt. F\u00fcr die Richtigkeit, Vollst\u00e4ndigkeit und Aktualit\u00e4t der Inhalte k\u00f6nnen wir jedoch keine Gew\u00e4hr \u00fcbernehmen. Als Diensteanbieter sind wir gem\u00e4\u00df \u00a7 7 Abs.1 TMG f\u00fcr eigene Inhalte auf diesen Seiten nach den allgemeinen Gesetzen verantwortlich. Nach \u00a7\u00a7 8 bis 10 TMG sind wir als Diensteanbieter jedoch nicht verpflichtet, \u00fcbermittelte oder gespeicherte fremde Informationen zu \u00fcberwachen oder nach Umst\u00e4nden zu forschen, die auf eine rechtswidrige T\u00e4tigkeit hinweisen. Verpflichtungen zur Entfernung oder Sperrung der Nutzung von Informationen nach den allgemeinen Gesetzen bleiben [&hellip;]<\/p>\n","protected":false},"author":2,"featured_media":0,"parent":0,"menu_order":0,"comment_status":"closed","ping_status":"closed","template":"","meta":{"_et_pb_use_builder":"on","_et_pb_old_content":"","_et_gb_content_width":"","footnotes":""},"class_list":["post-759","page","type-page","status-publish","hentry"],"yoast_head":"<!-- This site is optimized with the Yoast SEO plugin v27.0 - https:\/\/yoast.com\/product\/yoast-seo-wordpress\/ -->\n<title>Imprimir - barbaramesquita.com<\/title>\n<meta name=\"robots\" content=\"index, follow, max-snippet:-1, max-image-preview:large, max-video-preview:-1\" \/>\n<link rel=\"canonical\" href=\"https:\/\/www.barbaramesquita.com\/pt-pt\/imprimir\/\" \/>\n<meta property=\"og:locale\" content=\"pt_PT\" \/>\n<meta property=\"og:type\" content=\"article\" \/>\n<meta property=\"og:title\" content=\"Imprimir - barbaramesquita.com\" \/>\n<meta property=\"og:description\" content=\"ImprimirDe acordo com o \u00a7 5 TMG: Respons\u00e1vel pelo conte\u00fado, webmaster e propriet\u00e1rio: Barbara Le\u00df-Correia Mesquita M.A. Gneisenaustr. 35 20253 Hamburg Alemanha Praceta Dr. Jos\u00e9 Louren\u00e7o de Carvalho 1, 1\u00b0-Dto. 2800-112 Almada Portugal Telefone fixo: +49 40 47 37 16 | Celular: +49 172 420 84 90 Fax: +49 40 42 93 56 87 Telefone fixo Portugal: +351 96 4705 440 und +351 91 266 58 62 E-mail: info@barbaramesquita.com N\u00famero de identifica\u00e7\u00e3o fiscal sobre vendas de acordo com a Se\u00e7\u00e3o 27a da Lei de Imposto sobre Vendas: DE118802663 N\u00famero de identifica\u00e7\u00e3o fiscal: 45\/144\/00739 Reparti\u00e7\u00e3o de impostos Hamburg-Eimsb\u00fcttel Respons\u00e1vel de acordo com \u00a755 par\u00e1grafo 2 RStV. Barbara Le\u00df-Correia Mesquita M.A. Veja endere\u00e7o acima Die Inhalte unserer Seiten wurden mit gr\u00f6\u00dfter Sorgfalt erstellt. F\u00fcr die Richtigkeit, Vollst\u00e4ndigkeit und Aktualit\u00e4t der Inhalte k\u00f6nnen wir jedoch keine Gew\u00e4hr \u00fcbernehmen. Als Diensteanbieter sind wir gem\u00e4\u00df \u00a7 7 Abs.1 TMG f\u00fcr eigene Inhalte auf diesen Seiten nach den allgemeinen Gesetzen verantwortlich. Nach \u00a7\u00a7 8 bis 10 TMG sind wir als Diensteanbieter jedoch nicht verpflichtet, \u00fcbermittelte oder gespeicherte fremde Informationen zu \u00fcberwachen oder nach Umst\u00e4nden zu forschen, die auf eine rechtswidrige T\u00e4tigkeit hinweisen. Verpflichtungen zur Entfernung oder Sperrung der Nutzung von Informationen nach den allgemeinen Gesetzen bleiben [&hellip;]\" \/>\n<meta property=\"og:url\" content=\"https:\/\/www.barbaramesquita.com\/pt-pt\/imprimir\/\" \/>\n<meta property=\"og:site_name\" content=\"barbaramesquita.com\" \/>\n<meta property=\"article:modified_time\" content=\"2024-01-10T15:55:24+00:00\" \/>\n<meta name=\"twitter:card\" content=\"summary_large_image\" \/>\n<meta name=\"twitter:label1\" content=\"Tempo estimado de leitura\" \/>\n\t<meta name=\"twitter:data1\" content=\"4 minutos\" \/>\n<script type=\"application\/ld+json\" class=\"yoast-schema-graph\">{\"@context\":\"https:\/\/schema.org\",\"@graph\":[{\"@type\":\"WebPage\",\"@id\":\"https:\/\/www.barbaramesquita.com\/pt-pt\/imprimir\/\",\"url\":\"https:\/\/www.barbaramesquita.com\/pt-pt\/imprimir\/\",\"name\":\"Imprimir - barbaramesquita.com\",\"isPartOf\":{\"@id\":\"https:\/\/www.barbaramesquita.com\/#website\"},\"datePublished\":\"2023-11-14T14:22:34+00:00\",\"dateModified\":\"2024-01-10T15:55:24+00:00\",\"breadcrumb\":{\"@id\":\"https:\/\/www.barbaramesquita.com\/pt-pt\/imprimir\/#breadcrumb\"},\"inLanguage\":\"pt-PT\",\"potentialAction\":[{\"@type\":\"ReadAction\",\"target\":[\"https:\/\/www.barbaramesquita.com\/pt-pt\/imprimir\/\"]}]},{\"@type\":\"BreadcrumbList\",\"@id\":\"https:\/\/www.barbaramesquita.com\/pt-pt\/imprimir\/#breadcrumb\",\"itemListElement\":[{\"@type\":\"ListItem\",\"position\":1,\"name\":\"Startseite\",\"item\":\"https:\/\/www.barbaramesquita.com\/pt-pt\/\"},{\"@type\":\"ListItem\",\"position\":2,\"name\":\"Imprimir\"}]},{\"@type\":\"WebSite\",\"@id\":\"https:\/\/www.barbaramesquita.com\/#website\",\"url\":\"https:\/\/www.barbaramesquita.com\/\",\"name\":\"barbaramesquita.com\",\"description\":\"\",\"potentialAction\":[{\"@type\":\"SearchAction\",\"target\":{\"@type\":\"EntryPoint\",\"urlTemplate\":\"https:\/\/www.barbaramesquita.com\/?s={search_term_string}\"},\"query-input\":{\"@type\":\"PropertyValueSpecification\",\"valueRequired\":true,\"valueName\":\"search_term_string\"}}],\"inLanguage\":\"pt-PT\"}]}<\/script>\n<!-- \/ Yoast SEO plugin. -->","yoast_head_json":{"title":"Imprimir - barbaramesquita.com","robots":{"index":"index","follow":"follow","max-snippet":"max-snippet:-1","max-image-preview":"max-image-preview:large","max-video-preview":"max-video-preview:-1"},"canonical":"https:\/\/www.barbaramesquita.com\/pt-pt\/imprimir\/","og_locale":"pt_PT","og_type":"article","og_title":"Imprimir - barbaramesquita.com","og_description":"ImprimirDe acordo com o \u00a7 5 TMG: Respons\u00e1vel pelo conte\u00fado, webmaster e propriet\u00e1rio: Barbara Le\u00df-Correia Mesquita M.A. Gneisenaustr. 35 20253 Hamburg Alemanha Praceta Dr. Jos\u00e9 Louren\u00e7o de Carvalho 1, 1\u00b0-Dto. 2800-112 Almada Portugal Telefone fixo: +49 40 47 37 16 | Celular: +49 172 420 84 90 Fax: +49 40 42 93 56 87 Telefone fixo Portugal: +351 96 4705 440 und +351 91 266 58 62 E-mail: info@barbaramesquita.com N\u00famero de identifica\u00e7\u00e3o fiscal sobre vendas de acordo com a Se\u00e7\u00e3o 27a da Lei de Imposto sobre Vendas: DE118802663 N\u00famero de identifica\u00e7\u00e3o fiscal: 45\/144\/00739 Reparti\u00e7\u00e3o de impostos Hamburg-Eimsb\u00fcttel Respons\u00e1vel de acordo com \u00a755 par\u00e1grafo 2 RStV. Barbara Le\u00df-Correia Mesquita M.A. Veja endere\u00e7o acima Die Inhalte unserer Seiten wurden mit gr\u00f6\u00dfter Sorgfalt erstellt. F\u00fcr die Richtigkeit, Vollst\u00e4ndigkeit und Aktualit\u00e4t der Inhalte k\u00f6nnen wir jedoch keine Gew\u00e4hr \u00fcbernehmen. Als Diensteanbieter sind wir gem\u00e4\u00df \u00a7 7 Abs.1 TMG f\u00fcr eigene Inhalte auf diesen Seiten nach den allgemeinen Gesetzen verantwortlich. Nach \u00a7\u00a7 8 bis 10 TMG sind wir als Diensteanbieter jedoch nicht verpflichtet, \u00fcbermittelte oder gespeicherte fremde Informationen zu \u00fcberwachen oder nach Umst\u00e4nden zu forschen, die auf eine rechtswidrige T\u00e4tigkeit hinweisen. Verpflichtungen zur Entfernung oder Sperrung der Nutzung von Informationen nach den allgemeinen Gesetzen bleiben [&hellip;]","og_url":"https:\/\/www.barbaramesquita.com\/pt-pt\/imprimir\/","og_site_name":"barbaramesquita.com","article_modified_time":"2024-01-10T15:55:24+00:00","twitter_card":"summary_large_image","twitter_misc":{"Tempo estimado de leitura":"4 minutos"},"schema":{"@context":"https:\/\/schema.org","@graph":[{"@type":"WebPage","@id":"https:\/\/www.barbaramesquita.com\/pt-pt\/imprimir\/","url":"https:\/\/www.barbaramesquita.com\/pt-pt\/imprimir\/","name":"Imprimir - barbaramesquita.com","isPartOf":{"@id":"https:\/\/www.barbaramesquita.com\/#website"},"datePublished":"2023-11-14T14:22:34+00:00","dateModified":"2024-01-10T15:55:24+00:00","breadcrumb":{"@id":"https:\/\/www.barbaramesquita.com\/pt-pt\/imprimir\/#breadcrumb"},"inLanguage":"pt-PT","potentialAction":[{"@type":"ReadAction","target":["https:\/\/www.barbaramesquita.com\/pt-pt\/imprimir\/"]}]},{"@type":"BreadcrumbList","@id":"https:\/\/www.barbaramesquita.com\/pt-pt\/imprimir\/#breadcrumb","itemListElement":[{"@type":"ListItem","position":1,"name":"Startseite","item":"https:\/\/www.barbaramesquita.com\/pt-pt\/"},{"@type":"ListItem","position":2,"name":"Imprimir"}]},{"@type":"WebSite","@id":"https:\/\/www.barbaramesquita.com\/#website","url":"https:\/\/www.barbaramesquita.com\/","name":"barbaramesquita.com","description":"","potentialAction":[{"@type":"SearchAction","target":{"@type":"EntryPoint","urlTemplate":"https:\/\/www.barbaramesquita.com\/?s={search_term_string}"},"query-input":{"@type":"PropertyValueSpecification","valueRequired":true,"valueName":"search_term_string"}}],"inLanguage":"pt-PT"}]}},"_links":{"self":[{"href":"https:\/\/www.barbaramesquita.com\/pt-pt\/wp-json\/wp\/v2\/pages\/759","targetHints":{"allow":["GET"]}}],"collection":[{"href":"https:\/\/www.barbaramesquita.com\/pt-pt\/wp-json\/wp\/v2\/pages"}],"about":[{"href":"https:\/\/www.barbaramesquita.com\/pt-pt\/wp-json\/wp\/v2\/types\/page"}],"author":[{"embeddable":true,"href":"https:\/\/www.barbaramesquita.com\/pt-pt\/wp-json\/wp\/v2\/users\/2"}],"replies":[{"embeddable":true,"href":"https:\/\/www.barbaramesquita.com\/pt-pt\/wp-json\/wp\/v2\/comments?post=759"}],"version-history":[{"count":6,"href":"https:\/\/www.barbaramesquita.com\/pt-pt\/wp-json\/wp\/v2\/pages\/759\/revisions"}],"predecessor-version":[{"id":778,"href":"https:\/\/www.barbaramesquita.com\/pt-pt\/wp-json\/wp\/v2\/pages\/759\/revisions\/778"}],"wp:attachment":[{"href":"https:\/\/www.barbaramesquita.com\/pt-pt\/wp-json\/wp\/v2\/media?parent=759"}],"curies":[{"name":"wp","href":"https:\/\/api.w.org\/{rel}","templated":true}]}}