{"id":532,"date":"2023-11-06T16:54:21","date_gmt":"2023-11-06T15:54:21","guid":{"rendered":"https:\/\/www.barbaramesquita.com\/?page_id=532"},"modified":"2024-01-04T16:55:11","modified_gmt":"2024-01-04T15:55:11","slug":"referencias","status":"publish","type":"page","link":"https:\/\/www.barbaramesquita.com\/pt-pt\/referencias\/","title":{"rendered":"Refer\u00eancias"},"content":{"rendered":"<p>[et_pb_section fb_built=&#8221;1&#8243; admin_label=&#8221;Header&#8221; _builder_version=&#8221;4.22.2&#8243; _module_preset=&#8221;default&#8221; background_enable_color=&#8221;off&#8221; overflow-x=&#8221;hidden&#8221; overflow-y=&#8221;hidden&#8221; custom_margin=&#8221;||||false|false&#8221; custom_padding=&#8221;0px||0px||true|false&#8221; locked=&#8221;off&#8221; collapsed=&#8221;on&#8221; global_colors_info=&#8221;{%22gcid-fc7b31e8-94d8-4560-b647-c33fa43cc805%22:%91%22background_color%22,%22background_color%22,%22background_color%22%93}&#8221;][et_pb_row use_custom_gutter=&#8221;on&#8221; gutter_width=&#8221;2&#8243; make_equal=&#8221;on&#8221; _builder_version=&#8221;4.22.2&#8243; _module_preset=&#8221;default&#8221; background_enable_color=&#8221;off&#8221; width=&#8221;100%&#8221; max_width=&#8221;2560px&#8221; custom_margin=&#8221;0px||||false|false&#8221; custom_padding=&#8221;0px||0px||false|false&#8221; border_width_top=&#8221;3px&#8221; border_color_top=&#8221;#9d4a5e&#8221; global_colors_info=&#8221;{}&#8221;][et_pb_column type=&#8221;4_4&#8243; _builder_version=&#8221;4.22.2&#8243; _module_preset=&#8221;default&#8221; background_color=&#8221;#f6f6f6&#8243; background_enable_image=&#8221;off&#8221; custom_padding=&#8221;|1vw||1vw|false|true&#8221; global_colors_info=&#8221;{}&#8221;][et_pb_text _builder_version=&#8221;4.22.2&#8243; _module_preset=&#8221;default&#8221; header_font=&#8221;|600|||||||&#8221; header_text_color=&#8221;#9d4a5e&#8221; custom_padding=&#8221;15px||15px|50px|true|false&#8221; custom_padding_tablet=&#8221;15px||15px|50px|true|false&#8221; custom_padding_phone=&#8221;|||10px|true|false&#8221; custom_padding_last_edited=&#8221;on|desktop&#8221; header_font_size_tablet=&#8221;&#8221; header_font_size_phone=&#8221;26px&#8221; header_font_size_last_edited=&#8221;on|desktop&#8221; global_colors_info=&#8221;{}&#8221;]<\/p>\n<h1 style=\"text-align: left;\">Refer\u00eancias<\/h1>\n<p>[\/et_pb_text][\/et_pb_column][\/et_pb_row][et_pb_row use_custom_gutter=&#8221;on&#8221; gutter_width=&#8221;2&#8243; make_equal=&#8221;on&#8221; _builder_version=&#8221;4.22.2&#8243; _module_preset=&#8221;default&#8221; background_enable_color=&#8221;off&#8221; max_width=&#8221;2560px&#8221; custom_padding=&#8221;||0px||false|false&#8221; global_colors_info=&#8221;{}&#8221;][et_pb_column type=&#8221;4_4&#8243; _builder_version=&#8221;4.22.2&#8243; _module_preset=&#8221;default&#8221; background_enable_color=&#8221;off&#8221; custom_padding=&#8221;25px||||false|false&#8221; global_colors_info=&#8221;{}&#8221;][et_pb_text _builder_version=&#8221;4.22.2&#8243; _module_preset=&#8221;default&#8221; text_line_height=&#8221;1.5em&#8221; header_2_font=&#8221;||||||||&#8221; header_2_font_size=&#8221;25px&#8221; header_2_line_height=&#8221;1.2em&#8221; global_colors_info=&#8221;{}&#8221;]<\/p>\n<h2>Interpreta\u00e7\u00e3o e tradu\u00e7\u00f5es especializadas (sele\u00e7\u00e3o):<\/h2>\n<p>[\/et_pb_text][et_pb_divider _builder_version=&#8221;4.22.2&#8243; _module_preset=&#8221;default&#8221; global_colors_info=&#8221;{}&#8221;][\/et_pb_divider][\/et_pb_column][\/et_pb_row][et_pb_row column_structure=&#8221;1_2,1_2&#8243; _builder_version=&#8221;4.22.2&#8243; _module_preset=&#8221;default&#8221; global_colors_info=&#8221;{}&#8221;][et_pb_column type=&#8221;1_2&#8243; _builder_version=&#8221;4.22.2&#8243; _module_preset=&#8221;default&#8221; global_colors_info=&#8221;{}&#8221;][et_pb_text _builder_version=&#8221;4.22.2&#8243; _module_preset=&#8221;default&#8221; global_colors_info=&#8221;{}&#8221;]<\/p>\n<ul>\n<li style=\"margin: 0.4em;\">Embaixada de Portugal em Berlim<\/li>\n<li style=\"margin: 0.4em;\">Embaixada da Rep\u00fablica de Cabo Verde em Berlim<\/li>\n<li style=\"margin: 0.4em;\">Embaixada da Rep\u00fablica de Angola em Berlim <\/li>\n<li style=\"margin: 0.4em;\">Embaixada da Rep\u00fablica Federal da Alemanha em Lisboa<\/li>\n<li style=\"margin: 0.4em;\">Chancelaria do Senado de Hamburgo<\/li>\n<li style=\"margin: 0.4em;\">Chancelaria do Estado de Schleswig-Holstein<\/li>\n<li style=\"margin: 0.4em;\">Minist\u00e9rio Federal dos Assuntos Econ\u00f3micos e da Prote\u00e7\u00e3o do Clima<\/li>\n<li style=\"margin: 0.4em;\">Sociedade para a Coopera\u00e7\u00e3o Internacional (GIZ)<\/li>\n<li style=\"margin: 0.4em;\">Associa\u00e7\u00e3o Empresarial Germano-Africana<\/li>\n<li style=\"margin: 0.4em;\">Tribunais e autoridades em Hamburgo e arredores<\/li>\n<\/ul>\n<p>[\/et_pb_text][\/et_pb_column][et_pb_column type=&#8221;1_2&#8243; _builder_version=&#8221;4.22.2&#8243; _module_preset=&#8221;default&#8221; global_colors_info=&#8221;{}&#8221;][et_pb_text _builder_version=&#8221;4.22.2&#8243; _module_preset=&#8221;default&#8221; global_colors_info=&#8221;{}&#8221;]<\/p>\n<ul>\n<li style=\"margin: 0.4em;\">Cart\u00f3rios notariais e escrit\u00f3rios de advogados em Hamburgo e arredores<\/li>\n<li style=\"margin: 0.4em;\">Geomar Centro Helmholtz de Investiga\u00e7\u00e3o Oce\u00e2nica de Kiel<\/li>\n<li style=\"margin: 0.4em;\">Instituto Goethe de Berlim<\/li>\n<li style=\"margin: 0.4em;\">Instituto Goethe Angola<\/li>\n<li style=\"margin: 0.4em;\">Instituto Goethe Lisboa<\/li>\n<li style=\"margin: 0.4em;\">Instituto Goethe S\u00e3o Paulo<\/li>\n<li style=\"margin: 0.4em;\">Instituto Goethe Bol\u00edvia<\/li>\n<li style=\"margin: 0.4em;\">Funda\u00e7\u00e3o Heinrich B\u00f6ll<\/li>\n<li style=\"margin: 0.4em;\">Instituto Cervantes<\/li>\n<\/ul>\n<p>[\/et_pb_text][\/et_pb_column][\/et_pb_row][et_pb_row use_custom_gutter=&#8221;on&#8221; gutter_width=&#8221;2&#8243; make_equal=&#8221;on&#8221; _builder_version=&#8221;4.22.2&#8243; _module_preset=&#8221;default&#8221; background_enable_color=&#8221;off&#8221; max_width=&#8221;2560px&#8221; custom_padding=&#8221;||0px||false|false&#8221; global_colors_info=&#8221;{}&#8221;][et_pb_column type=&#8221;4_4&#8243; _builder_version=&#8221;4.22.2&#8243; _module_preset=&#8221;default&#8221; background_enable_color=&#8221;off&#8221; custom_padding=&#8221;||||false|false&#8221; global_colors_info=&#8221;{}&#8221;][et_pb_text _builder_version=&#8221;4.22.2&#8243; _module_preset=&#8221;default&#8221; text_line_height=&#8221;1.5em&#8221; header_2_font=&#8221;||||||||&#8221; header_2_font_size=&#8221;25px&#8221; header_2_line_height=&#8221;1.2em&#8221; global_colors_info=&#8221;{}&#8221;]<\/p>\n<h2>Editoras das tradu\u00e7\u00f5es liter\u00e1rias (sele\u00e7\u00e3o):<\/h2>\n<p>[\/et_pb_text][et_pb_divider _builder_version=&#8221;4.22.2&#8243; _module_preset=&#8221;default&#8221; global_colors_info=&#8221;{}&#8221;][\/et_pb_divider][\/et_pb_column][\/et_pb_row][et_pb_row column_structure=&#8221;1_2,1_2&#8243; _builder_version=&#8221;4.22.2&#8243; _module_preset=&#8221;default&#8221; global_colors_info=&#8221;{}&#8221;][et_pb_column type=&#8221;1_2&#8243; _builder_version=&#8221;4.22.2&#8243; _module_preset=&#8221;default&#8221; global_colors_info=&#8221;{}&#8221;][et_pb_text _builder_version=&#8221;4.22.2&#8243; _module_preset=&#8221;default&#8221; global_colors_info=&#8221;{}&#8221;]<\/p>\n<ul>\n<li style=\"margin: 0.4em;\">Unionsverlag<\/li>\n<li style=\"margin: 0.4em;\">S. Fischer<\/li>\n<li style=\"margin: 0.4em;\">Interkontinental Verlag<\/li>\n<li style=\"margin: 0.4em;\">Klett-Cotta <\/li>\n<li style=\"margin: 0.4em;\">Editora de Berlim<\/li>\n<li style=\"margin: 0.4em;\">Brandes &#038; Apsel<\/li>\n<\/ul>\n<p> [\/et_pb_text][\/et_pb_column][et_pb_column type=&#8221;1_2&#8243; _builder_version=&#8221;4.22.2&#8243; _module_preset=&#8221;default&#8221; global_colors_info=&#8221;{}&#8221;][et_pb_text _builder_version=&#8221;4.22.2&#8243; _module_preset=&#8221;default&#8221; global_colors_info=&#8221;{}&#8221;]<\/p>\n<ul>\n<li style=\"margin: 0.4em;\">Biblioteca Nacional Alem\u00e3<\/li>\n<li style=\"margin: 0.4em;\">Piper<\/li>\n<li style=\"margin: 0.4em;\">Poetenladen Leipzig <\/li>\n<li style=\"margin: 0.4em;\">Wallstein<\/li>\n<li style=\"margin: 0.4em;\">Droemer Knaur<\/li>\n<li style=\"margin: 0.4em;\">L\u00fcbbe<\/li>\n<\/ul>\n<p>[\/et_pb_text][\/et_pb_column][\/et_pb_row][\/et_pb_section]<\/p>\n","protected":false},"excerpt":{"rendered":"<p>Refer\u00eanciasInterpreta\u00e7\u00e3o e tradu\u00e7\u00f5es especializadas (sele\u00e7\u00e3o): Embaixada de Portugal em Berlim Embaixada da Rep\u00fablica de Cabo Verde em Berlim Embaixada da Rep\u00fablica de Angola em Berlim Embaixada da Rep\u00fablica Federal da Alemanha em Lisboa Chancelaria do Senado de Hamburgo Chancelaria do Estado de Schleswig-Holstein Minist\u00e9rio Federal dos Assuntos Econ\u00f3micos e da Prote\u00e7\u00e3o do Clima Sociedade para a Coopera\u00e7\u00e3o Internacional (GIZ) Associa\u00e7\u00e3o Empresarial Germano-Africana Tribunais e autoridades em Hamburgo e arredores Cart\u00f3rios notariais e escrit\u00f3rios de advogados em Hamburgo e arredores Geomar Centro Helmholtz de Investiga\u00e7\u00e3o Oce\u00e2nica de Kiel Instituto Goethe de Berlim Instituto Goethe Angola Instituto Goethe Lisboa Instituto Goethe S\u00e3o Paulo Instituto Goethe Bol\u00edvia Funda\u00e7\u00e3o Heinrich B\u00f6ll Instituto Cervantes Editoras das tradu\u00e7\u00f5es liter\u00e1rias (sele\u00e7\u00e3o): Unionsverlag S. Fischer Interkontinental Verlag Klett-Cotta Editora de Berlim Brandes &#038; Apsel Biblioteca Nacional Alem\u00e3 Piper Poetenladen Leipzig Wallstein Droemer Knaur L\u00fcbbe<\/p>\n","protected":false},"author":2,"featured_media":0,"parent":0,"menu_order":0,"comment_status":"closed","ping_status":"closed","template":"","meta":{"_et_pb_use_builder":"on","_et_pb_old_content":"","_et_gb_content_width":"","footnotes":""},"class_list":["post-532","page","type-page","status-publish","hentry"],"yoast_head":"<!-- This site is optimized with the Yoast SEO plugin v27.0 - https:\/\/yoast.com\/product\/yoast-seo-wordpress\/ -->\n<title>Refer\u00eancias - barbaramesquita.com<\/title>\n<meta name=\"robots\" content=\"index, follow, max-snippet:-1, max-image-preview:large, max-video-preview:-1\" \/>\n<link rel=\"canonical\" href=\"https:\/\/www.barbaramesquita.com\/pt-pt\/referencias\/\" \/>\n<meta property=\"og:locale\" content=\"pt_PT\" \/>\n<meta property=\"og:type\" content=\"article\" \/>\n<meta property=\"og:title\" content=\"Refer\u00eancias - barbaramesquita.com\" \/>\n<meta property=\"og:description\" content=\"Refer\u00eanciasInterpreta\u00e7\u00e3o e tradu\u00e7\u00f5es especializadas (sele\u00e7\u00e3o): Embaixada de Portugal em Berlim Embaixada da Rep\u00fablica de Cabo Verde em Berlim Embaixada da Rep\u00fablica de Angola em Berlim Embaixada da Rep\u00fablica Federal da Alemanha em Lisboa Chancelaria do Senado de Hamburgo Chancelaria do Estado de Schleswig-Holstein Minist\u00e9rio Federal dos Assuntos Econ\u00f3micos e da Prote\u00e7\u00e3o do Clima Sociedade para a Coopera\u00e7\u00e3o Internacional (GIZ) Associa\u00e7\u00e3o Empresarial Germano-Africana Tribunais e autoridades em Hamburgo e arredores Cart\u00f3rios notariais e escrit\u00f3rios de advogados em Hamburgo e arredores Geomar Centro Helmholtz de Investiga\u00e7\u00e3o Oce\u00e2nica de Kiel Instituto Goethe de Berlim Instituto Goethe Angola Instituto Goethe Lisboa Instituto Goethe S\u00e3o Paulo Instituto Goethe Bol\u00edvia Funda\u00e7\u00e3o Heinrich B\u00f6ll Instituto Cervantes Editoras das tradu\u00e7\u00f5es liter\u00e1rias (sele\u00e7\u00e3o): Unionsverlag S. Fischer Interkontinental Verlag Klett-Cotta Editora de Berlim Brandes &amp; Apsel Biblioteca Nacional Alem\u00e3 Piper Poetenladen Leipzig Wallstein Droemer Knaur L\u00fcbbe\" \/>\n<meta property=\"og:url\" content=\"https:\/\/www.barbaramesquita.com\/pt-pt\/referencias\/\" \/>\n<meta property=\"og:site_name\" content=\"barbaramesquita.com\" \/>\n<meta property=\"article:modified_time\" content=\"2024-01-04T15:55:11+00:00\" \/>\n<meta name=\"twitter:card\" content=\"summary_large_image\" \/>\n<meta name=\"twitter:label1\" content=\"Tempo estimado de leitura\" \/>\n\t<meta name=\"twitter:data1\" content=\"4 minutos\" \/>\n<script type=\"application\/ld+json\" class=\"yoast-schema-graph\">{\"@context\":\"https:\/\/schema.org\",\"@graph\":[{\"@type\":\"WebPage\",\"@id\":\"https:\/\/www.barbaramesquita.com\/pt-pt\/referencias\/\",\"url\":\"https:\/\/www.barbaramesquita.com\/pt-pt\/referencias\/\",\"name\":\"Refer\u00eancias - barbaramesquita.com\",\"isPartOf\":{\"@id\":\"https:\/\/www.barbaramesquita.com\/#website\"},\"datePublished\":\"2023-11-06T15:54:21+00:00\",\"dateModified\":\"2024-01-04T15:55:11+00:00\",\"breadcrumb\":{\"@id\":\"https:\/\/www.barbaramesquita.com\/pt-pt\/referencias\/#breadcrumb\"},\"inLanguage\":\"pt-PT\",\"potentialAction\":[{\"@type\":\"ReadAction\",\"target\":[\"https:\/\/www.barbaramesquita.com\/pt-pt\/referencias\/\"]}]},{\"@type\":\"BreadcrumbList\",\"@id\":\"https:\/\/www.barbaramesquita.com\/pt-pt\/referencias\/#breadcrumb\",\"itemListElement\":[{\"@type\":\"ListItem\",\"position\":1,\"name\":\"Startseite\",\"item\":\"https:\/\/www.barbaramesquita.com\/pt-pt\/\"},{\"@type\":\"ListItem\",\"position\":2,\"name\":\"Refer\u00eancias\"}]},{\"@type\":\"WebSite\",\"@id\":\"https:\/\/www.barbaramesquita.com\/#website\",\"url\":\"https:\/\/www.barbaramesquita.com\/\",\"name\":\"barbaramesquita.com\",\"description\":\"\",\"potentialAction\":[{\"@type\":\"SearchAction\",\"target\":{\"@type\":\"EntryPoint\",\"urlTemplate\":\"https:\/\/www.barbaramesquita.com\/?s={search_term_string}\"},\"query-input\":{\"@type\":\"PropertyValueSpecification\",\"valueRequired\":true,\"valueName\":\"search_term_string\"}}],\"inLanguage\":\"pt-PT\"}]}<\/script>\n<!-- \/ Yoast SEO plugin. -->","yoast_head_json":{"title":"Refer\u00eancias - barbaramesquita.com","robots":{"index":"index","follow":"follow","max-snippet":"max-snippet:-1","max-image-preview":"max-image-preview:large","max-video-preview":"max-video-preview:-1"},"canonical":"https:\/\/www.barbaramesquita.com\/pt-pt\/referencias\/","og_locale":"pt_PT","og_type":"article","og_title":"Refer\u00eancias - barbaramesquita.com","og_description":"Refer\u00eanciasInterpreta\u00e7\u00e3o e tradu\u00e7\u00f5es especializadas (sele\u00e7\u00e3o): Embaixada de Portugal em Berlim Embaixada da Rep\u00fablica de Cabo Verde em Berlim Embaixada da Rep\u00fablica de Angola em Berlim Embaixada da Rep\u00fablica Federal da Alemanha em Lisboa Chancelaria do Senado de Hamburgo Chancelaria do Estado de Schleswig-Holstein Minist\u00e9rio Federal dos Assuntos Econ\u00f3micos e da Prote\u00e7\u00e3o do Clima Sociedade para a Coopera\u00e7\u00e3o Internacional (GIZ) Associa\u00e7\u00e3o Empresarial Germano-Africana Tribunais e autoridades em Hamburgo e arredores Cart\u00f3rios notariais e escrit\u00f3rios de advogados em Hamburgo e arredores Geomar Centro Helmholtz de Investiga\u00e7\u00e3o Oce\u00e2nica de Kiel Instituto Goethe de Berlim Instituto Goethe Angola Instituto Goethe Lisboa Instituto Goethe S\u00e3o Paulo Instituto Goethe Bol\u00edvia Funda\u00e7\u00e3o Heinrich B\u00f6ll Instituto Cervantes Editoras das tradu\u00e7\u00f5es liter\u00e1rias (sele\u00e7\u00e3o): Unionsverlag S. Fischer Interkontinental Verlag Klett-Cotta Editora de Berlim Brandes & Apsel Biblioteca Nacional Alem\u00e3 Piper Poetenladen Leipzig Wallstein Droemer Knaur L\u00fcbbe","og_url":"https:\/\/www.barbaramesquita.com\/pt-pt\/referencias\/","og_site_name":"barbaramesquita.com","article_modified_time":"2024-01-04T15:55:11+00:00","twitter_card":"summary_large_image","twitter_misc":{"Tempo estimado de leitura":"4 minutos"},"schema":{"@context":"https:\/\/schema.org","@graph":[{"@type":"WebPage","@id":"https:\/\/www.barbaramesquita.com\/pt-pt\/referencias\/","url":"https:\/\/www.barbaramesquita.com\/pt-pt\/referencias\/","name":"Refer\u00eancias - barbaramesquita.com","isPartOf":{"@id":"https:\/\/www.barbaramesquita.com\/#website"},"datePublished":"2023-11-06T15:54:21+00:00","dateModified":"2024-01-04T15:55:11+00:00","breadcrumb":{"@id":"https:\/\/www.barbaramesquita.com\/pt-pt\/referencias\/#breadcrumb"},"inLanguage":"pt-PT","potentialAction":[{"@type":"ReadAction","target":["https:\/\/www.barbaramesquita.com\/pt-pt\/referencias\/"]}]},{"@type":"BreadcrumbList","@id":"https:\/\/www.barbaramesquita.com\/pt-pt\/referencias\/#breadcrumb","itemListElement":[{"@type":"ListItem","position":1,"name":"Startseite","item":"https:\/\/www.barbaramesquita.com\/pt-pt\/"},{"@type":"ListItem","position":2,"name":"Refer\u00eancias"}]},{"@type":"WebSite","@id":"https:\/\/www.barbaramesquita.com\/#website","url":"https:\/\/www.barbaramesquita.com\/","name":"barbaramesquita.com","description":"","potentialAction":[{"@type":"SearchAction","target":{"@type":"EntryPoint","urlTemplate":"https:\/\/www.barbaramesquita.com\/?s={search_term_string}"},"query-input":{"@type":"PropertyValueSpecification","valueRequired":true,"valueName":"search_term_string"}}],"inLanguage":"pt-PT"}]}},"_links":{"self":[{"href":"https:\/\/www.barbaramesquita.com\/pt-pt\/wp-json\/wp\/v2\/pages\/532","targetHints":{"allow":["GET"]}}],"collection":[{"href":"https:\/\/www.barbaramesquita.com\/pt-pt\/wp-json\/wp\/v2\/pages"}],"about":[{"href":"https:\/\/www.barbaramesquita.com\/pt-pt\/wp-json\/wp\/v2\/types\/page"}],"author":[{"embeddable":true,"href":"https:\/\/www.barbaramesquita.com\/pt-pt\/wp-json\/wp\/v2\/users\/2"}],"replies":[{"embeddable":true,"href":"https:\/\/www.barbaramesquita.com\/pt-pt\/wp-json\/wp\/v2\/comments?post=532"}],"version-history":[{"count":7,"href":"https:\/\/www.barbaramesquita.com\/pt-pt\/wp-json\/wp\/v2\/pages\/532\/revisions"}],"predecessor-version":[{"id":546,"href":"https:\/\/www.barbaramesquita.com\/pt-pt\/wp-json\/wp\/v2\/pages\/532\/revisions\/546"}],"wp:attachment":[{"href":"https:\/\/www.barbaramesquita.com\/pt-pt\/wp-json\/wp\/v2\/media?parent=532"}],"curies":[{"name":"wp","href":"https:\/\/api.w.org\/{rel}","templated":true}]}}