{"id":449,"date":"2023-11-06T16:27:01","date_gmt":"2023-11-06T15:27:01","guid":{"rendered":"https:\/\/www.barbaramesquita.com\/?page_id=449"},"modified":"2024-01-16T09:57:58","modified_gmt":"2024-01-16T08:57:58","slug":"editora-autora","status":"publish","type":"page","link":"https:\/\/www.barbaramesquita.com\/pt-pt\/editora-autora\/","title":{"rendered":"Editora &#038; Autora"},"content":{"rendered":"<p>[et_pb_section fb_built=&#8221;1&#8243; admin_label=&#8221;Header&#8221; _builder_version=&#8221;4.22.2&#8243; _module_preset=&#8221;default&#8221; background_enable_color=&#8221;off&#8221; overflow-x=&#8221;hidden&#8221; overflow-y=&#8221;hidden&#8221; custom_margin=&#8221;||||false|false&#8221; custom_padding=&#8221;0px||0px||true|false&#8221; locked=&#8221;off&#8221; collapsed=&#8221;on&#8221; global_colors_info=&#8221;{%22gcid-fc7b31e8-94d8-4560-b647-c33fa43cc805%22:%91%22background_color%22,%22background_color%22,%22background_color%22%93}&#8221;][et_pb_row use_custom_gutter=&#8221;on&#8221; gutter_width=&#8221;2&#8243; make_equal=&#8221;on&#8221; _builder_version=&#8221;4.22.2&#8243; _module_preset=&#8221;default&#8221; background_enable_color=&#8221;off&#8221; width=&#8221;100%&#8221; max_width=&#8221;2560px&#8221; custom_margin=&#8221;0px||||false|false&#8221; custom_padding=&#8221;0px||0px||false|false&#8221; border_width_top=&#8221;3px&#8221; border_color_top=&#8221;#9d4a5e&#8221; global_colors_info=&#8221;{}&#8221;][et_pb_column type=&#8221;4_4&#8243; _builder_version=&#8221;4.22.2&#8243; _module_preset=&#8221;default&#8221; background_color=&#8221;#f6f6f6&#8243; background_enable_image=&#8221;off&#8221; custom_padding=&#8221;|1vw||1vw|false|true&#8221; global_colors_info=&#8221;{}&#8221;][et_pb_text _builder_version=&#8221;4.22.2&#8243; _module_preset=&#8221;default&#8221; header_font=&#8221;|600|||||||&#8221; header_text_color=&#8221;#9d4a5e&#8221; custom_padding=&#8221;15px||15px|50px|true|false&#8221; custom_padding_tablet=&#8221;15px||15px|50px|true|false&#8221; custom_padding_phone=&#8221;|||10px|true|false&#8221; custom_padding_last_edited=&#8221;on|desktop&#8221; header_font_size_tablet=&#8221;&#8221; header_font_size_phone=&#8221;26px&#8221; header_font_size_last_edited=&#8221;on|desktop&#8221; global_colors_info=&#8221;{}&#8221;]<\/p>\n<h1 style=\"text-align: left;\">Editora<\/h1>\n<p>[\/et_pb_text][\/et_pb_column][\/et_pb_row][et_pb_row column_structure=&#8221;2_5,3_5&#8243; use_custom_gutter=&#8221;on&#8221; gutter_width=&#8221;2&#8243; make_equal=&#8221;on&#8221; _builder_version=&#8221;4.22.2&#8243; _module_preset=&#8221;default&#8221; background_enable_color=&#8221;off&#8221; max_width=&#8221;2560px&#8221; custom_padding=&#8221;||||false|false&#8221; global_colors_info=&#8221;{}&#8221;][et_pb_column type=&#8221;2_5&#8243; _builder_version=&#8221;4.22.2&#8243; _module_preset=&#8221;default&#8221; background_enable_color=&#8221;off&#8221; custom_padding=&#8221;25px|25px|25px|25px|true|true&#8221; global_colors_info=&#8221;{}&#8221;][et_pb_text _builder_version=&#8221;4.22.2&#8243; _module_preset=&#8221;default&#8221; header_2_font=&#8221;||||||||&#8221; header_2_font_size=&#8221;25px&#8221; header_2_line_height=&#8221;1.2em&#8221; global_colors_info=&#8221;{}&#8221;]<\/p>\n<h2>Organiza\u00e7\u00e3o de antologias<\/h2>\n<p>[\/et_pb_text][et_pb_divider _builder_version=&#8221;4.22.2&#8243; _module_preset=&#8221;default&#8221; global_colors_info=&#8221;{}&#8221;][\/et_pb_divider][et_pb_text _builder_version=&#8221;4.22.2&#8243; _module_preset=&#8221;default&#8221; custom_padding=&#8221;||40px||false|false&#8221; global_colors_info=&#8221;{}&#8221;]<\/p>\n<ul>\n<li style=\"margin: 0.4em;\">Descobrir Angola! (literatura de Angola)<\/li>\n<li style=\"margin: 0.4em;\">As ilhas da m\u00fasica do meio do mundo (literatura de Cabo Verde)<\/li>\n<\/ul>\n<p><strong><span style=\"text-decoration: underline;\"><a href=\"https:\/\/www.arachne-verlag.de\/weltwaerts.html\" target=\"_blank\" rel=\"noopener\">&gt;&gt; Saber mais<\/a><\/span><\/strong><\/p>\n<p>[\/et_pb_text][et_pb_text _builder_version=&#8221;4.22.2&#8243; _module_preset=&#8221;default&#8221; header_2_font=&#8221;||||||||&#8221; header_2_font_size=&#8221;25px&#8221; header_2_line_height=&#8221;1.2em&#8221; global_colors_info=&#8221;{}&#8221;]<\/p>\n<h2>Entrevista<\/h2>\n<p>[\/et_pb_text][et_pb_divider _builder_version=&#8221;4.22.2&#8243; _module_preset=&#8221;default&#8221; global_colors_info=&#8221;{}&#8221;][\/et_pb_divider][et_pb_text _builder_version=&#8221;4.22.2&#8243; _module_preset=&#8221;default&#8221; text_font=&#8221;||||||||&#8221; custom_margin=&#8221;||||false|false&#8221; custom_padding=&#8221;15px||||false|false&#8221; hover_enabled=&#8221;0&#8243; global_colors_info=&#8221;{}&#8221; sticky_enabled=&#8221;0&#8243;]<\/p>\n<p>No link a seguir, pode aceder \u00e0 grava\u00e7\u00e3o de uma entrevista na televis\u00e3o cabo-verdiana.<\/p>\n<p style=\"text-align: left;\"><span style=\"text-decoration: underline;\"><strong><a href=\"https:\/\/www.rtc.cv\/tcv\/video-details\/antologia-da-alema-barbara-mesquita-quot-as-ilhas-da-musica-literatura-e-musica-de-cabo-verde-do-meio-do-mundo-quot-38658\" target=\"_blank\" rel=\"noopener\">&gt;&gt; Aqui vai a entrevista<\/a><\/strong><br \/>\n<\/span><\/p>\n<p>[\/et_pb_text][\/et_pb_column][et_pb_column type=&#8221;3_5&#8243; _builder_version=&#8221;4.22.2&#8243; _module_preset=&#8221;default&#8221; background_enable_color=&#8221;off&#8221; custom_padding=&#8221;25px|25px|25px|25px|true|true&#8221; global_colors_info=&#8221;{}&#8221;][et_pb_text _builder_version=&#8221;4.22.2&#8243; _module_preset=&#8221;default&#8221; header_2_font=&#8221;||||||||&#8221; header_2_font_size=&#8221;25px&#8221; header_2_line_height=&#8221;1.2em&#8221; global_colors_info=&#8221;{}&#8221;]<\/p>\n<h2>Textos de autora<\/h2>\n<p>[\/et_pb_text][et_pb_divider _builder_version=&#8221;4.22.2&#8243; _module_preset=&#8221;default&#8221; global_colors_info=&#8221;{}&#8221;][\/et_pb_divider][et_pb_image src=&#8221;https:\/\/www.barbaramesquita.com\/wp-content\/uploads\/2023\/11\/Herausgeberin-1.jpg&#8221; alt=&#8221;Herausgeberin Barbara Mesquita&#8221; url=&#8221;http:\/\/culturmag.de\/crimemag\/barbara-mesquita-bericht-aus-luanda-covid-19\/125257&#8243; url_new_window=&#8221;on&#8221; _builder_version=&#8221;4.22.2&#8243; _module_preset=&#8221;default&#8221; global_colors_info=&#8221;{}&#8221;][\/et_pb_image][et_pb_text _builder_version=&#8221;4.22.2&#8243; _module_preset=&#8221;default&#8221; text_font=&#8221;|600|||||||&#8221; custom_margin=&#8221;||||false|false&#8221; custom_padding=&#8221;15px||||false|false&#8221; global_colors_info=&#8221;{}&#8221;]<\/p>\n<p style=\"text-align: right;\"><span style=\"text-decoration: underline;\"><a href=\"http:\/\/culturmag.de\/crimemag\/barbara-mesquita-bericht-aus-luanda-covid-19\/125257\" target=\"_blank\" rel=\"noopener\">&gt;&gt; Ir para o artigo<\/a><br \/><\/span><\/p>\n<p>[\/et_pb_text][\/et_pb_column][\/et_pb_row][\/et_pb_section]<\/p>\n","protected":false},"excerpt":{"rendered":"<p>EditoraOrganiza\u00e7\u00e3o de antologias Descobrir Angola! (literatura de Angola) As ilhas da m\u00fasica do meio do mundo (literatura de Cabo Verde) &gt;&gt; Saber maisEntrevistaNo link a seguir, pode aceder \u00e0 grava\u00e7\u00e3o de uma entrevista na televis\u00e3o cabo-verdiana. &gt;&gt; Aqui vai a entrevista Textos de autora&gt;&gt; Ir para o artigo<\/p>\n","protected":false},"author":2,"featured_media":0,"parent":0,"menu_order":0,"comment_status":"closed","ping_status":"closed","template":"","meta":{"_et_pb_use_builder":"on","_et_pb_old_content":"<p>[et_pb_section fb_built=\"1\" admin_label=\"Header\" _builder_version=\"4.22.2\" _module_preset=\"default\" background_enable_color=\"off\" overflow-x=\"hidden\" overflow-y=\"hidden\" custom_margin=\"||||false|false\" custom_padding=\"0px||0px||true|false\" locked=\"off\" collapsed=\"on\" global_colors_info=\"{%22gcid-fc7b31e8-94d8-4560-b647-c33fa43cc805%22:%91%22background_color%22,%22background_color%22,%22background_color%22%93}\"][et_pb_row use_custom_gutter=\"on\" gutter_width=\"2\" make_equal=\"on\" _builder_version=\"4.22.2\" _module_preset=\"default\" background_enable_color=\"off\" width=\"100%\" max_width=\"2560px\" custom_margin=\"0px||||false|false\" custom_padding=\"0px||0px||false|false\" border_width_top=\"3px\" border_color_top=\"#9d4a5e\" global_colors_info=\"{}\"][et_pb_column type=\"4_4\" _builder_version=\"4.22.2\" _module_preset=\"default\" background_color=\"#f6f6f6\" background_enable_image=\"off\" custom_padding=\"|1vw||1vw|false|true\" global_colors_info=\"{}\"][et_pb_text _builder_version=\"4.22.2\" _module_preset=\"default\" header_font=\"|600|||||||\" header_text_color=\"#9d4a5e\" custom_padding=\"15px||15px|50px|true|false\" custom_padding_tablet=\"15px||15px|50px|true|false\" custom_padding_phone=\"|||10px|true|false\" custom_padding_last_edited=\"on|desktop\" header_font_size_tablet=\"\" header_font_size_phone=\"26px\" header_font_size_last_edited=\"on|desktop\" global_colors_info=\"{}\"]<\/p><h1 style=\"text-align: left;\">Herausgeberin<\/h1><p>[\/et_pb_text][\/et_pb_column][\/et_pb_row][et_pb_row column_structure=\"2_5,3_5\" use_custom_gutter=\"on\" gutter_width=\"2\" make_equal=\"on\" _builder_version=\"4.22.2\" _module_preset=\"default\" background_enable_color=\"off\" max_width=\"2560px\" custom_padding=\"||||false|false\" global_colors_info=\"{}\"][et_pb_column type=\"2_5\" _builder_version=\"4.22.2\" _module_preset=\"default\" background_enable_color=\"off\" custom_padding=\"25px|25px|25px|25px|true|true\" global_colors_info=\"{}\"][et_pb_text _builder_version=\"4.22.2\" _module_preset=\"default\" header_2_font=\"||||||||\" header_2_font_size=\"25px\" header_2_line_height=\"1.2em\" global_colors_info=\"{}\"]<\/p><h2>Anthologien<\/h2><p>[\/et_pb_text][et_pb_divider _builder_version=\"4.22.2\" _module_preset=\"default\" global_colors_info=\"{}\"][\/et_pb_divider][et_pb_text _builder_version=\"4.22.2\" _module_preset=\"default\" hover_enabled=\"0\" global_colors_info=\"{}\" custom_padding=\"||40px||false|false\" sticky_enabled=\"0\"]<\/p><ul><li style=\"margin: 0.4em;\">Angola entdecken! (Literatur aus Angola)<\/li><li style=\"margin: 0.4em;\">Die Inseln der Musik in der Mitte der Welt<br \/>(Literatur aus Kap Verde)<\/li><\/ul><p>[\/et_pb_text][et_pb_text _builder_version=\"4.22.2\" _module_preset=\"default\" header_2_font=\"||||||||\" header_2_font_size=\"25px\" header_2_line_height=\"1.2em\" hover_enabled=\"0\" global_colors_info=\"{}\" sticky_enabled=\"0\"]<\/p><h2>Interview<\/h2><p>[\/et_pb_text][et_pb_divider _builder_version=\"4.22.2\" _module_preset=\"default\" global_colors_info=\"{}\"][\/et_pb_divider][et_pb_text _builder_version=\"4.22.2\" _module_preset=\"default\" text_font=\"||||||||\" custom_margin=\"||||false|false\" custom_padding=\"15px||||false|false\" hover_enabled=\"0\" global_colors_info=\"{}\" sticky_enabled=\"0\"]<\/p><p>\u00dcber folgenden Link gelangen Sie zu der Aufzeichnung eines Interviews, welches das kapverdische Fernsehen mit mir gef\u00fchrt hat.<\/p><p style=\"text-align: left;\"><span style=\"text-decoration: underline;\"><strong><a href=\"https:\/\/www.rtc.cv\/tcv\/video-details\/antologia-da-alema-barbara-mesquita-quot-as-ilhas-da-musica-literatura-e-musica-de-cabo-verde-do-meio-do-mundo-quot-38658\" target=\"_blank\" rel=\"noopener\">>> Hier geht's zu dem Interview<\/a><\/strong><br \/><\/span><\/p><p>[\/et_pb_text][\/et_pb_column][et_pb_column type=\"3_5\" _builder_version=\"4.22.2\" _module_preset=\"default\" background_enable_color=\"off\" custom_padding=\"25px|25px|25px|25px|true|true\" global_colors_info=\"{}\"][et_pb_text _builder_version=\"4.22.2\" _module_preset=\"default\" header_2_font=\"||||||||\" header_2_font_size=\"25px\" header_2_line_height=\"1.2em\" global_colors_info=\"{}\"]<\/p><h2>Autorin<\/h2><p>[\/et_pb_text][et_pb_divider _builder_version=\"4.22.2\" _module_preset=\"default\" global_colors_info=\"{}\"][\/et_pb_divider][et_pb_image src=\"https:\/\/www.barbaramesquita.com\/wp-content\/uploads\/2023\/11\/Herausgeberin-1.jpg\" alt=\"Herausgeberin Barbara Mesquita\" url=\"http:\/\/culturmag.de\/crimemag\/barbara-mesquita-bericht-aus-luanda-covid-19\/125257\" url_new_window=\"on\" _builder_version=\"4.22.2\" _module_preset=\"default\" global_colors_info=\"{}\"][\/et_pb_image][et_pb_text _builder_version=\"4.22.2\" _module_preset=\"default\" text_font=\"|600|||||||\" custom_margin=\"||||false|false\" custom_padding=\"15px||||false|false\" global_colors_info=\"{}\"]<\/p><p style=\"text-align: right;\"><span style=\"text-decoration: underline;\"><a href=\"http:\/\/culturmag.de\/crimemag\/barbara-mesquita-bericht-aus-luanda-covid-19\/125257\" target=\"_blank\" rel=\"noopener\">>> Hier geht's zu dem Artikel<\/a><br \/><\/span><\/p><p>[\/et_pb_text][\/et_pb_column][\/et_pb_row][\/et_pb_section]<\/p>","_et_gb_content_width":"","footnotes":""},"class_list":["post-449","page","type-page","status-publish","hentry"],"yoast_head":"<!-- This site is optimized with the Yoast SEO plugin v27.0 - https:\/\/yoast.com\/product\/yoast-seo-wordpress\/ -->\n<title>Editora &amp; Autora - barbaramesquita.com<\/title>\n<meta name=\"robots\" content=\"index, follow, max-snippet:-1, max-image-preview:large, max-video-preview:-1\" \/>\n<link rel=\"canonical\" href=\"https:\/\/www.barbaramesquita.com\/pt-pt\/editora-autora\/\" \/>\n<meta property=\"og:locale\" content=\"pt_PT\" \/>\n<meta property=\"og:type\" content=\"article\" \/>\n<meta property=\"og:title\" content=\"Editora &amp; Autora - barbaramesquita.com\" \/>\n<meta property=\"og:description\" content=\"EditoraOrganiza\u00e7\u00e3o de antologias Descobrir Angola! (literatura de Angola) As ilhas da m\u00fasica do meio do mundo (literatura de Cabo Verde) &gt;&gt; Saber maisEntrevistaNo link a seguir, pode aceder \u00e0 grava\u00e7\u00e3o de uma entrevista na televis\u00e3o cabo-verdiana. &gt;&gt; Aqui vai a entrevista Textos de autora&gt;&gt; Ir para o artigo\" \/>\n<meta property=\"og:url\" content=\"https:\/\/www.barbaramesquita.com\/pt-pt\/editora-autora\/\" \/>\n<meta property=\"og:site_name\" content=\"barbaramesquita.com\" \/>\n<meta property=\"article:modified_time\" content=\"2024-01-16T08:57:58+00:00\" \/>\n<meta name=\"twitter:card\" content=\"summary_large_image\" \/>\n<meta name=\"twitter:label1\" content=\"Tempo estimado de leitura\" \/>\n\t<meta name=\"twitter:data1\" content=\"3 minutos\" \/>\n<script type=\"application\/ld+json\" class=\"yoast-schema-graph\">{\"@context\":\"https:\/\/schema.org\",\"@graph\":[{\"@type\":\"WebPage\",\"@id\":\"https:\/\/www.barbaramesquita.com\/pt-pt\/editora-autora\/\",\"url\":\"https:\/\/www.barbaramesquita.com\/pt-pt\/editora-autora\/\",\"name\":\"Editora & Autora - barbaramesquita.com\",\"isPartOf\":{\"@id\":\"https:\/\/www.barbaramesquita.com\/#website\"},\"datePublished\":\"2023-11-06T15:27:01+00:00\",\"dateModified\":\"2024-01-16T08:57:58+00:00\",\"breadcrumb\":{\"@id\":\"https:\/\/www.barbaramesquita.com\/pt-pt\/editora-autora\/#breadcrumb\"},\"inLanguage\":\"pt-PT\",\"potentialAction\":[{\"@type\":\"ReadAction\",\"target\":[\"https:\/\/www.barbaramesquita.com\/pt-pt\/editora-autora\/\"]}]},{\"@type\":\"BreadcrumbList\",\"@id\":\"https:\/\/www.barbaramesquita.com\/pt-pt\/editora-autora\/#breadcrumb\",\"itemListElement\":[{\"@type\":\"ListItem\",\"position\":1,\"name\":\"Startseite\",\"item\":\"https:\/\/www.barbaramesquita.com\/pt-pt\/\"},{\"@type\":\"ListItem\",\"position\":2,\"name\":\"Editora &#038; Autora\"}]},{\"@type\":\"WebSite\",\"@id\":\"https:\/\/www.barbaramesquita.com\/#website\",\"url\":\"https:\/\/www.barbaramesquita.com\/\",\"name\":\"barbaramesquita.com\",\"description\":\"\",\"potentialAction\":[{\"@type\":\"SearchAction\",\"target\":{\"@type\":\"EntryPoint\",\"urlTemplate\":\"https:\/\/www.barbaramesquita.com\/?s={search_term_string}\"},\"query-input\":{\"@type\":\"PropertyValueSpecification\",\"valueRequired\":true,\"valueName\":\"search_term_string\"}}],\"inLanguage\":\"pt-PT\"}]}<\/script>\n<!-- \/ Yoast SEO plugin. -->","yoast_head_json":{"title":"Editora & Autora - barbaramesquita.com","robots":{"index":"index","follow":"follow","max-snippet":"max-snippet:-1","max-image-preview":"max-image-preview:large","max-video-preview":"max-video-preview:-1"},"canonical":"https:\/\/www.barbaramesquita.com\/pt-pt\/editora-autora\/","og_locale":"pt_PT","og_type":"article","og_title":"Editora & Autora - barbaramesquita.com","og_description":"EditoraOrganiza\u00e7\u00e3o de antologias Descobrir Angola! (literatura de Angola) As ilhas da m\u00fasica do meio do mundo (literatura de Cabo Verde) &gt;&gt; Saber maisEntrevistaNo link a seguir, pode aceder \u00e0 grava\u00e7\u00e3o de uma entrevista na televis\u00e3o cabo-verdiana. &gt;&gt; Aqui vai a entrevista Textos de autora&gt;&gt; Ir para o artigo","og_url":"https:\/\/www.barbaramesquita.com\/pt-pt\/editora-autora\/","og_site_name":"barbaramesquita.com","article_modified_time":"2024-01-16T08:57:58+00:00","twitter_card":"summary_large_image","twitter_misc":{"Tempo estimado de leitura":"3 minutos"},"schema":{"@context":"https:\/\/schema.org","@graph":[{"@type":"WebPage","@id":"https:\/\/www.barbaramesquita.com\/pt-pt\/editora-autora\/","url":"https:\/\/www.barbaramesquita.com\/pt-pt\/editora-autora\/","name":"Editora & Autora - barbaramesquita.com","isPartOf":{"@id":"https:\/\/www.barbaramesquita.com\/#website"},"datePublished":"2023-11-06T15:27:01+00:00","dateModified":"2024-01-16T08:57:58+00:00","breadcrumb":{"@id":"https:\/\/www.barbaramesquita.com\/pt-pt\/editora-autora\/#breadcrumb"},"inLanguage":"pt-PT","potentialAction":[{"@type":"ReadAction","target":["https:\/\/www.barbaramesquita.com\/pt-pt\/editora-autora\/"]}]},{"@type":"BreadcrumbList","@id":"https:\/\/www.barbaramesquita.com\/pt-pt\/editora-autora\/#breadcrumb","itemListElement":[{"@type":"ListItem","position":1,"name":"Startseite","item":"https:\/\/www.barbaramesquita.com\/pt-pt\/"},{"@type":"ListItem","position":2,"name":"Editora &#038; Autora"}]},{"@type":"WebSite","@id":"https:\/\/www.barbaramesquita.com\/#website","url":"https:\/\/www.barbaramesquita.com\/","name":"barbaramesquita.com","description":"","potentialAction":[{"@type":"SearchAction","target":{"@type":"EntryPoint","urlTemplate":"https:\/\/www.barbaramesquita.com\/?s={search_term_string}"},"query-input":{"@type":"PropertyValueSpecification","valueRequired":true,"valueName":"search_term_string"}}],"inLanguage":"pt-PT"}]}},"_links":{"self":[{"href":"https:\/\/www.barbaramesquita.com\/pt-pt\/wp-json\/wp\/v2\/pages\/449","targetHints":{"allow":["GET"]}}],"collection":[{"href":"https:\/\/www.barbaramesquita.com\/pt-pt\/wp-json\/wp\/v2\/pages"}],"about":[{"href":"https:\/\/www.barbaramesquita.com\/pt-pt\/wp-json\/wp\/v2\/types\/page"}],"author":[{"embeddable":true,"href":"https:\/\/www.barbaramesquita.com\/pt-pt\/wp-json\/wp\/v2\/users\/2"}],"replies":[{"embeddable":true,"href":"https:\/\/www.barbaramesquita.com\/pt-pt\/wp-json\/wp\/v2\/comments?post=449"}],"version-history":[{"count":13,"href":"https:\/\/www.barbaramesquita.com\/pt-pt\/wp-json\/wp\/v2\/pages\/449\/revisions"}],"predecessor-version":[{"id":834,"href":"https:\/\/www.barbaramesquita.com\/pt-pt\/wp-json\/wp\/v2\/pages\/449\/revisions\/834"}],"wp:attachment":[{"href":"https:\/\/www.barbaramesquita.com\/pt-pt\/wp-json\/wp\/v2\/media?parent=449"}],"curies":[{"name":"wp","href":"https:\/\/api.w.org\/{rel}","templated":true}]}}